{"id":181,"date":"2024-05-17T17:33:22","date_gmt":"2024-05-17T16:33:22","guid":{"rendered":"https:\/\/jrs\/notre-travail\/"},"modified":"2024-09-25T13:28:56","modified_gmt":"2024-09-25T12:28:56","slug":"notre-travail","status":"publish","type":"page","link":"https:\/\/jrsbelgium.org\/fr\/notre-travail\/","title":{"rendered":"Notre travail"},"content":{"rendered":"<p>Le JRS Belgium travaille sur la d\u00e9tention administrative de migrants. Depuis 2001, nous sommes sur le terrain et visitons les diff\u00e9rents centres ferm\u00e9s que nous appelons centres de d\u00e9tention administrative (CDA). Nous y accompagnons les personnes enferm\u00e9es et d\u00e9fendons leurs droits.<\/p>\n<p>Actuellement, nous visitons chaque semaine trois des six centres qui existent en Belgique : Bruges, Caricole et Merksplas.<\/p>\n<p>Nous sommes aussi la seule organisation pr\u00e9sente dans les \u00ab maisons de retour \u00bb, \u00ab maisons FITT \u00bb, ou centres de d\u00e9tention pour familles. Fort de notre exp\u00e9rience, nous t\u00e9moignons de la r\u00e9alit\u00e9 observ\u00e9e en d\u00e9tention et de l\u2019effet de l\u2019enfermement sur les individus.<\/p>\n","protected":false},"excerpt":{"rendered":"<p>Le JRS Belgium travaille sur la d\u00e9tention administrative de migrants. Depuis 2001, nous sommes sur le terrain et visitons les diff\u00e9rents centres ferm\u00e9s que nous appelons centres de d\u00e9tention administrative (CDA). Nous y accompagnons les personnes enferm\u00e9es et d\u00e9fendons leurs droits. Actuellement, nous visitons chaque semaine trois des six centres qui existent en Belgique : [&hellip;]<\/p>\n","protected":false},"author":1,"featured_media":0,"parent":0,"menu_order":13,"comment_status":"closed","ping_status":"closed","template":"template-page-our-work.php","meta":{"footnotes":""},"class_list":["post-181","page","type-page","status-publish","hentry"],"acf":[],"_links":{"self":[{"href":"https:\/\/jrsbelgium.org\/fr\/wp-json\/wp\/v2\/pages\/181","targetHints":{"allow":["GET"]}}],"collection":[{"href":"https:\/\/jrsbelgium.org\/fr\/wp-json\/wp\/v2\/pages"}],"about":[{"href":"https:\/\/jrsbelgium.org\/fr\/wp-json\/wp\/v2\/types\/page"}],"author":[{"embeddable":true,"href":"https:\/\/jrsbelgium.org\/fr\/wp-json\/wp\/v2\/users\/1"}],"replies":[{"embeddable":true,"href":"https:\/\/jrsbelgium.org\/fr\/wp-json\/wp\/v2\/comments?post=181"}],"version-history":[{"count":0,"href":"https:\/\/jrsbelgium.org\/fr\/wp-json\/wp\/v2\/pages\/181\/revisions"}],"wp:attachment":[{"href":"https:\/\/jrsbelgium.org\/fr\/wp-json\/wp\/v2\/media?parent=181"}],"curies":[{"name":"wp","href":"https:\/\/api.w.org\/{rel}","templated":true}]}}