{"id":779,"date":"2024-05-17T17:33:38","date_gmt":"2024-05-17T16:33:38","guid":{"rendered":"https:\/\/jrsbelgium.org\/\/?page_id=779"},"modified":"2024-09-25T14:30:03","modified_gmt":"2024-09-25T13:30:03","slug":"soutenez-nous","status":"publish","type":"page","link":"https:\/\/jrsbelgium.org\/fr\/soutenez-nous\/","title":{"rendered":"Soutenez-nous"},"content":{"rendered":"<p>Votre don apporte de l\u2019espoir aux personnes que nous accompagnons. Il nous montre que vous soutenez la mission de JRS et nous permet de travailler sur le terrain, en toute s\u00e9r\u00e9nit\u00e9.<\/p>\n<h2>Don par virement bancaire<\/h2>\n<p>Pour contribuer financi\u00e8rement \u00e0 nos projets, vos dons sont les bienvenus sur le compte bancaire de JRS Belgium.<br \/>\nIBAN\u00a0: BE40 5230 8069 3163<br \/>\nBIC\u00a0: TRIOBEBB<\/p>\n","protected":false},"excerpt":{"rendered":"<p>Votre don apporte de l\u2019espoir aux personnes que nous accompagnons. Il nous montre que vous soutenez la mission de JRS et nous permet de travailler sur le terrain, en toute s\u00e9r\u00e9nit\u00e9. Don par virement bancaire Pour contribuer financi\u00e8rement \u00e0 nos projets, vos dons sont les bienvenus sur le compte bancaire de JRS Belgium. IBAN\u00a0: BE40 [&hellip;]<\/p>\n","protected":false},"author":1,"featured_media":0,"parent":0,"menu_order":31,"comment_status":"closed","ping_status":"closed","template":"template-page-steun-ons.php","meta":{"footnotes":""},"class_list":["post-779","page","type-page","status-publish","hentry"],"acf":[],"_links":{"self":[{"href":"https:\/\/jrsbelgium.org\/fr\/wp-json\/wp\/v2\/pages\/779","targetHints":{"allow":["GET"]}}],"collection":[{"href":"https:\/\/jrsbelgium.org\/fr\/wp-json\/wp\/v2\/pages"}],"about":[{"href":"https:\/\/jrsbelgium.org\/fr\/wp-json\/wp\/v2\/types\/page"}],"author":[{"embeddable":true,"href":"https:\/\/jrsbelgium.org\/fr\/wp-json\/wp\/v2\/users\/1"}],"replies":[{"embeddable":true,"href":"https:\/\/jrsbelgium.org\/fr\/wp-json\/wp\/v2\/comments?post=779"}],"version-history":[{"count":0,"href":"https:\/\/jrsbelgium.org\/fr\/wp-json\/wp\/v2\/pages\/779\/revisions"}],"wp:attachment":[{"href":"https:\/\/jrsbelgium.org\/fr\/wp-json\/wp\/v2\/media?parent=779"}],"curies":[{"name":"wp","href":"https:\/\/api.w.org\/{rel}","templated":true}]}}