{"id":782,"date":"2024-05-17T17:33:47","date_gmt":"2024-05-17T15:33:47","guid":{"rendered":"https:\/\/jrsbelgium.org\/\/?page_id=782"},"modified":"2026-01-23T11:28:31","modified_gmt":"2026-01-23T10:28:31","slug":"sources","status":"publish","type":"page","link":"https:\/\/jrsbelgium.org\/fr\/sources\/","title":{"rendered":"Ressources"},"content":{"rendered":"<p>Mieux nous connaitre ? A la recherche d&rsquo;un rapport ? Int\u00e9ress\u00e9 par les chiffres de la d\u00e9tention de migrants ? Vous \u00eates au bon endroit.<\/p>\n<p>&nbsp;<\/p>\n","protected":false},"excerpt":{"rendered":"<p>Mieux nous connaitre ? A la recherche d&rsquo;un rapport ? Int\u00e9ress\u00e9 par les chiffres de la d\u00e9tention de migrants ? Vous \u00eates au bon endroit. &nbsp;<\/p>\n","protected":false},"author":1,"featured_media":0,"parent":0,"menu_order":28,"comment_status":"closed","ping_status":"closed","template":"template-page-ressources.php","meta":{"footnotes":""},"class_list":["post-782","page","type-page","status-publish","hentry"],"acf":[],"_links":{"self":[{"href":"https:\/\/jrsbelgium.org\/fr\/wp-json\/wp\/v2\/pages\/782","targetHints":{"allow":["GET"]}}],"collection":[{"href":"https:\/\/jrsbelgium.org\/fr\/wp-json\/wp\/v2\/pages"}],"about":[{"href":"https:\/\/jrsbelgium.org\/fr\/wp-json\/wp\/v2\/types\/page"}],"author":[{"embeddable":true,"href":"https:\/\/jrsbelgium.org\/fr\/wp-json\/wp\/v2\/users\/1"}],"replies":[{"embeddable":true,"href":"https:\/\/jrsbelgium.org\/fr\/wp-json\/wp\/v2\/comments?post=782"}],"version-history":[{"count":2,"href":"https:\/\/jrsbelgium.org\/fr\/wp-json\/wp\/v2\/pages\/782\/revisions"}],"predecessor-version":[{"id":1821,"href":"https:\/\/jrsbelgium.org\/fr\/wp-json\/wp\/v2\/pages\/782\/revisions\/1821"}],"wp:attachment":[{"href":"https:\/\/jrsbelgium.org\/fr\/wp-json\/wp\/v2\/media?parent=782"}],"curies":[{"name":"wp","href":"https:\/\/api.w.org\/{rel}","templated":true}]}}