{"id":813,"date":"2024-05-24T14:21:37","date_gmt":"2024-05-24T12:21:37","guid":{"rendered":"https:\/\/jrsbelgium.org\/\/?page_id=813"},"modified":"2025-02-17T15:10:37","modified_gmt":"2025-02-17T14:10:37","slug":"conseils-a-domicile","status":"publish","type":"page","link":"https:\/\/jrsbelgium.org\/fr\/notre-travail\/conseils-a-domicile\/","title":{"rendered":"Accompagnement \u00e0 domicile"},"content":{"rendered":"<p>Avec Plan Together, nous offrons un accompagnement \u00e0 domicile \u00e0 des familles en s\u00e9jour irr\u00e9gulier ayant des enfants mineurs. Un accompagnateur et une accompagnatrice de familles les soutiennent sur le plan juridique, social et psychologique pour \u0153uvrer \u00e0 des perspectives d&rsquo;avenir durables.<\/p>\n<p>Nous pensons que la d\u00e9tention de familles avec enfants aurait pu \u00eatre \u00e9vit\u00e9e dans de nombreuses situations. Avec de l\u2019espace, du respect et du temps, les gens peuvent arriver \u00e0 des solutions durables. Par solution durable on entend le s\u00e9jour en Belgique ou dans un autre pays ou un retour durable vers le pays d\u2019origine.<\/p>\n<p>Lorsque les gens sont soutenus dans leur dignit\u00e9 et leurs efforts, ils peuvent envisager leur avenir de mani\u00e8re constructive. Ils peuvent eux-m\u00eames prendre des mesures dans le cadre de leur processus personnel de migration et mettre ainsi fin \u00e0 leur situation de s\u00e9jour irr\u00e9gulier. Apr\u00e8s tout, un avenir sans documents de s\u00e9jour n\u2019est pas un avenir digne pour un enfant.<\/p>\n<p>Nous voulons d\u00e9montrer aux d\u00e9cideurs que la gestion de cas (le \u00ab case management \u00bb) holistique par l&rsquo;accompagnement \u00e0 domicile peut \u00eatre une alternative efficace \u00e0 la d\u00e9tention. Pour ce faire, nous travaillons en \u00e9troite collaboration avec le <a href=\"https:\/\/atdnetwork.org\/\">r\u00e9seau europ\u00e9en ATD<\/a>, qui m\u00e8ne des projets pilotes similaires dans d&rsquo;autres pays europ\u00e9ens. Ensemble, nous voulons inciter les d\u00e9cideurs politiques, \u00e0 l&rsquo;\u00e9chelon national et europ\u00e9en, \u00e0 mettre en \u0153uvre des alternatives \u00e0 la d\u00e9tention humaines et efficaces.<\/p>\n<h2>Les accompagnateurs de famille :<\/h2>\n<ul>\n<li>rendent r\u00e9guli\u00e8rement visite \u00e0 la famille<\/li>\n<li>analysent le dossier juridique dans son ensemble<\/li>\n<li>\u00e9laborent avec la famille un plan sur mesure pour chacun de ses membres<\/li>\n<li>travaillent intensivement avec d&rsquo;autres acteurs (avocat, service social, b\u00e9n\u00e9voles, \u00e9cole,\u2026) autour de la famille.<\/li>\n<\/ul>\n","protected":false},"excerpt":{"rendered":"<p>Avec Plan Together, nous offrons un accompagnement \u00e0 domicile \u00e0 des familles en s\u00e9jour irr\u00e9gulier ayant des enfants mineurs. Un accompagnateur et une accompagnatrice de familles les soutiennent sur le plan juridique, social et psychologique pour \u0153uvrer \u00e0 des perspectives d&rsquo;avenir durables. Nous pensons que la d\u00e9tention de familles avec enfants aurait pu \u00eatre \u00e9vit\u00e9e [&hellip;]<\/p>\n","protected":false},"author":1,"featured_media":463,"parent":181,"menu_order":17,"comment_status":"closed","ping_status":"closed","template":"","meta":{"footnotes":""},"class_list":["post-813","page","type-page","status-publish","has-post-thumbnail","hentry"],"acf":[],"_links":{"self":[{"href":"https:\/\/jrsbelgium.org\/fr\/wp-json\/wp\/v2\/pages\/813","targetHints":{"allow":["GET"]}}],"collection":[{"href":"https:\/\/jrsbelgium.org\/fr\/wp-json\/wp\/v2\/pages"}],"about":[{"href":"https:\/\/jrsbelgium.org\/fr\/wp-json\/wp\/v2\/types\/page"}],"author":[{"embeddable":true,"href":"https:\/\/jrsbelgium.org\/fr\/wp-json\/wp\/v2\/users\/1"}],"replies":[{"embeddable":true,"href":"https:\/\/jrsbelgium.org\/fr\/wp-json\/wp\/v2\/comments?post=813"}],"version-history":[{"count":1,"href":"https:\/\/jrsbelgium.org\/fr\/wp-json\/wp\/v2\/pages\/813\/revisions"}],"predecessor-version":[{"id":1571,"href":"https:\/\/jrsbelgium.org\/fr\/wp-json\/wp\/v2\/pages\/813\/revisions\/1571"}],"up":[{"embeddable":true,"href":"https:\/\/jrsbelgium.org\/fr\/wp-json\/wp\/v2\/pages\/181"}],"wp:featuredmedia":[{"embeddable":true,"href":"https:\/\/jrsbelgium.org\/fr\/wp-json\/wp\/v2\/media\/463"}],"wp:attachment":[{"href":"https:\/\/jrsbelgium.org\/fr\/wp-json\/wp\/v2\/media?parent=813"}],"curies":[{"name":"wp","href":"https:\/\/api.w.org\/{rel}","templated":true}]}}